{"id":24,"date":"2020-03-17T12:13:10","date_gmt":"2020-03-17T12:13:10","guid":{"rendered":"http:\/\/newproject.joinup.be\/?page_id=24"},"modified":"2023-10-22T19:53:04","modified_gmt":"2023-10-22T17:53:04","slug":"privacy","status":"publish","type":"page","link":"https:\/\/gridsoap.com\/fr\/privacy\/","title":{"rendered":"Vie priv\u00e9e"},"content":{"rendered":"<div data-elementor-type=\"wp-page\" data-elementor-id=\"24\" class=\"elementor elementor-24\" data-elementor-post-type=\"page\">\n\t\t\t\t\t\t<section class=\"elementor-section elementor-top-section elementor-element elementor-element-132d2d9 elementor-section-boxed elementor-section-height-default elementor-section-height-default\" data-id=\"132d2d9\" data-element_type=\"section\" data-settings=\"{&quot;jet_parallax_layout_list&quot;:[]}\">\n\t\t\t\t\t\t<div class=\"elementor-container elementor-column-gap-default\">\n\t\t\t\t\t<div class=\"elementor-column elementor-col-100 elementor-top-column elementor-element elementor-element-28e65e9\" data-id=\"28e65e9\" data-element_type=\"column\">\n\t\t\t<div class=\"elementor-widget-wrap elementor-element-populated\">\n\t\t\t\t\t\t<div class=\"elementor-element elementor-element-cf02e6b elementor-widget elementor-widget-heading\" data-id=\"cf02e6b\" data-element_type=\"widget\" data-widget_type=\"heading.default\">\n\t\t\t\t<div class=\"elementor-widget-container\">\n\t\t\t\t\t<h1 class=\"elementor-heading-title elementor-size-default\">Politique de confidentialit\u00e9<\/h1>\t\t\t\t<\/div>\n\t\t\t\t<\/div>\n\t\t\t\t<div class=\"elementor-element elementor-element-f65072a elementor-widget elementor-widget-text-editor\" data-id=\"f65072a\" data-element_type=\"widget\" data-widget_type=\"text-editor.default\">\n\t\t\t\t<div class=\"elementor-widget-container\">\n\t\t\t\t\t\t\t\t\tDerni\u00e8re mise \u00e0 jour le 22 octobre 2023.\t\t\t\t\t\t\t\t<\/div>\n\t\t\t\t<\/div>\n\t\t\t\t<div class=\"elementor-element elementor-element-c99eb5d elementor-widget elementor-widget-text-editor\" data-id=\"c99eb5d\" data-element_type=\"widget\" data-widget_type=\"text-editor.default\">\n\t\t\t\t<div class=\"elementor-widget-container\">\n\t\t\t\t\t\t\t\t\t<p><span style=\"font-family: -apple-system, BlinkMacSystemFont, 'Segoe UI', Roboto, 'Helvetica Neue', Arial, 'Noto Sans', sans-serif; font-size: 1rem;\">Cette d\u00e9claration de confidentialit\u00e9 s'applique au site web et aux services de Gridsoap. Nous attachons une grande importance au respect de la vie priv\u00e9e de nos clients et des visiteurs de notre site web. C'est pourquoi nous ne traiterons vos donn\u00e9es qu'en conformit\u00e9 avec le R\u00e8glement g\u00e9n\u00e9ral sur la protection des donn\u00e9es (RGPD \/ GDPR).<\/span><\/p>\t\t\t\t\t\t\t\t<\/div>\n\t\t\t\t<\/div>\n\t\t\t\t<div class=\"elementor-element elementor-element-2030cfd elementor-widget elementor-widget-heading\" data-id=\"2030cfd\" data-element_type=\"widget\" data-widget_type=\"heading.default\">\n\t\t\t\t<div class=\"elementor-widget-container\">\n\t\t\t\t\t<h2 class=\"elementor-heading-title elementor-size-default\">Donn\u00e9es personnelles collect\u00e9es\n<\/h2>\t\t\t\t<\/div>\n\t\t\t\t<\/div>\n\t\t\t\t<div class=\"elementor-element elementor-element-1c28e79 elementor-widget elementor-widget-text-editor\" data-id=\"1c28e79\" data-element_type=\"widget\" data-widget_type=\"text-editor.default\">\n\t\t\t\t<div class=\"elementor-widget-container\">\n\t\t\t\t\t\t\t\t\t<p>Nous collectons des donn\u00e9es afin de fonctionner efficacement et de vous offrir la meilleure exp\u00e9rience possible avec nos produits et services. Vous nous fournissez certaines de ces donn\u00e9es (facultativement) directement lorsque vous nous contactez via le formulaire de contact.<\/p><p>Donn\u00e9es collect\u00e9es par le biais du site web :<\/p><p><b>Donn\u00e9es personnelles :<\/b><\/p><ul><li>Pr\u00e9nom<\/li><li>Nom<\/li><li>Courriel<\/li><li>Num\u00e9ro de t\u00e9l\u00e9phone<\/li><\/ul>\t\t\t\t\t\t\t\t<\/div>\n\t\t\t\t<\/div>\n\t\t\t\t<div class=\"elementor-element elementor-element-9e58e45 elementor-widget elementor-widget-heading\" data-id=\"9e58e45\" data-element_type=\"widget\" data-widget_type=\"heading.default\">\n\t\t\t\t<div class=\"elementor-widget-container\">\n\t\t\t\t\t<h2 class=\"elementor-heading-title elementor-size-default\">\u00c0 quoi servent ces donn\u00e9es personnelles ?<\/h2>\t\t\t\t<\/div>\n\t\t\t\t<\/div>\n\t\t\t\t<div class=\"elementor-element elementor-element-57c1543 elementor-widget elementor-widget-text-editor\" data-id=\"57c1543\" data-element_type=\"widget\" data-widget_type=\"text-editor.default\">\n\t\t\t\t<div class=\"elementor-widget-container\">\n\t\t\t\t\t\t\t\t\tLes informations personnelles que vous nous fournissez peuvent \u00eatre utilis\u00e9es pour g\u00e9rer notre relation avec vous ou pour pr\u00e9parer un contrat. Nous n'utilisons pas vos informations personnelles \u00e0 des fins de marketing, de mat\u00e9riel promotionnel, de communications ou de bulletins d'information. Vous pouvez \u00e0 tout moment nous demander de cesser de vous envoyer des communications, des courriels ou toute autre correspondance. Vous pouvez le faire sans justification et gratuitement en contactant le bureau par e-mail ou par t\u00e9l\u00e9phone.\t\t\t\t\t\t\t\t<\/div>\n\t\t\t\t<\/div>\n\t\t\t\t<div class=\"elementor-element elementor-element-21393f4 elementor-widget elementor-widget-heading\" data-id=\"21393f4\" data-element_type=\"widget\" data-widget_type=\"heading.default\">\n\t\t\t\t<div class=\"elementor-widget-container\">\n\t\t\t\t\t<h2 class=\"elementor-heading-title elementor-size-default\">Combien de temps conservons-nous vos donn\u00e9es personnelles ?<\/h2>\t\t\t\t<\/div>\n\t\t\t\t<\/div>\n\t\t\t\t<div class=\"elementor-element elementor-element-2b040ab elementor-widget elementor-widget-text-editor\" data-id=\"2b040ab\" data-element_type=\"widget\" data-widget_type=\"text-editor.default\">\n\t\t\t\t<div class=\"elementor-widget-container\">\n\t\t\t\t\t\t\t\t\tNous conserverons vos donn\u00e9es personnelles pendant une dur\u00e9e n'exc\u00e9dant pas celle strictement n\u00e9cessaire \u00e0 la r\u00e9alisation des objectifs \u00e9nonc\u00e9s dans la pr\u00e9sente d\u00e9claration de confidentialit\u00e9.\t\t\t\t\t\t\t\t<\/div>\n\t\t\t\t<\/div>\n\t\t\t\t<div class=\"elementor-element elementor-element-87446b1 elementor-widget elementor-widget-heading\" data-id=\"87446b1\" data-element_type=\"widget\" data-widget_type=\"heading.default\">\n\t\t\t\t<div class=\"elementor-widget-container\">\n\t\t\t\t\t<h2 class=\"elementor-heading-title elementor-size-default\">Transfert de donn\u00e9es \u00e0 des tiers<\/h2>\t\t\t\t<\/div>\n\t\t\t\t<\/div>\n\t\t\t\t<div class=\"elementor-element elementor-element-500e4f4 elementor-widget elementor-widget-text-editor\" data-id=\"500e4f4\" data-element_type=\"widget\" data-widget_type=\"text-editor.default\">\n\t\t\t\t<div class=\"elementor-widget-container\">\n\t\t\t\t\t\t\t\t\tVos donn\u00e9es ne seront pas transmises \u00e0 des tiers.\t\t\t\t\t\t\t\t<\/div>\n\t\t\t\t<\/div>\n\t\t\t\t<div class=\"elementor-element elementor-element-6527228 elementor-widget elementor-widget-heading\" data-id=\"6527228\" data-element_type=\"widget\" data-widget_type=\"heading.default\">\n\t\t\t\t<div class=\"elementor-widget-container\">\n\t\t\t\t\t<h2 class=\"elementor-heading-title elementor-size-default\">Contr\u00f4leurs et processeurs<\/h2>\t\t\t\t<\/div>\n\t\t\t\t<\/div>\n\t\t\t\t<div class=\"elementor-element elementor-element-da809ad elementor-widget elementor-widget-text-editor\" data-id=\"da809ad\" data-element_type=\"widget\" data-widget_type=\"text-editor.default\">\n\t\t\t\t<div class=\"elementor-widget-container\">\n\t\t\t\t\t\t\t\t\tVos donn\u00e9es peuvent \u00eatre trait\u00e9es par tous les employ\u00e9s de notre entreprise dans l'exercice de leurs fonctions. La responsabilit\u00e9 du traitement est assum\u00e9e par les responsables statutaires de l'entreprise.\t\t\t\t\t\t\t\t<\/div>\n\t\t\t\t<\/div>\n\t\t\t\t<div class=\"elementor-element elementor-element-5cfdf50 elementor-widget elementor-widget-heading\" data-id=\"5cfdf50\" data-element_type=\"widget\" data-widget_type=\"heading.default\">\n\t\t\t\t<div class=\"elementor-widget-container\">\n\t\t\t\t\t<h2 class=\"elementor-heading-title elementor-size-default\">S\u00e9curit\u00e9 des donn\u00e9es personnelles<\/h2>\t\t\t\t<\/div>\n\t\t\t\t<\/div>\n\t\t\t\t<div class=\"elementor-element elementor-element-d62822d elementor-widget elementor-widget-text-editor\" data-id=\"d62822d\" data-element_type=\"widget\" data-widget_type=\"text-editor.default\">\n\t\t\t\t<div class=\"elementor-widget-container\">\n\t\t\t\t\t\t\t\t\t<p>Nous mettons tout en \u0153uvre pour prot\u00e9ger la s\u00e9curit\u00e9 et la confidentialit\u00e9 de vos donn\u00e9es personnelles. Nous utilisons des mesures techniques et organisationnelles appropri\u00e9es de mani\u00e8re \u00e0 ce que le traitement r\u00e9ponde aux exigences de la l\u00e9gislation nationale et europ\u00e9enne. Les photos sont stock\u00e9es dans un dossier num\u00e9rique s\u00e9curis\u00e9 au nom du client, de l'entreprise de pompes fun\u00e8bres, des services de police ou de la famille.<\/p>\t\t\t\t\t\t\t\t<\/div>\n\t\t\t\t<\/div>\n\t\t\t\t<div class=\"elementor-element elementor-element-4800c23 elementor-widget elementor-widget-heading\" data-id=\"4800c23\" data-element_type=\"widget\" data-widget_type=\"heading.default\">\n\t\t\t\t<div class=\"elementor-widget-container\">\n\t\t\t\t\t<h2 class=\"elementor-heading-title elementor-size-default\">Vos droits<\/h2>\t\t\t\t<\/div>\n\t\t\t\t<\/div>\n\t\t\t\t<div class=\"elementor-element elementor-element-9bbfeee elementor-widget elementor-widget-heading\" data-id=\"9bbfeee\" data-element_type=\"widget\" data-widget_type=\"heading.default\">\n\t\t\t\t<div class=\"elementor-widget-container\">\n\t\t\t\t\t<h3 class=\"elementor-heading-title elementor-size-default\">Droit d'acc\u00e8s et d'inspection<\/h3>\t\t\t\t<\/div>\n\t\t\t\t<\/div>\n\t\t\t\t<div class=\"elementor-element elementor-element-88c51eb elementor-widget elementor-widget-text-editor\" data-id=\"88c51eb\" data-element_type=\"widget\" data-widget_type=\"text-editor.default\">\n\t\t\t\t<div class=\"elementor-widget-container\">\n\t\t\t\t\t\t\t\t\t<p>Vous avez le droit d'acc\u00e9der \u00e0 tout moment et gratuitement \u00e0 vos donn\u00e9es personnelles ainsi qu'\u00e0 l'utilisation que nous faisons de vos donn\u00e9es personnelles. Vous pouvez le faire en utilisant les coordonn\u00e9es figurant au bas de cette page.<\/p>\t\t\t\t\t\t\t\t<\/div>\n\t\t\t\t<\/div>\n\t\t\t\t<div class=\"elementor-element elementor-element-28dca27 elementor-widget elementor-widget-heading\" data-id=\"28dca27\" data-element_type=\"widget\" data-widget_type=\"heading.default\">\n\t\t\t\t<div class=\"elementor-widget-container\">\n\t\t\t\t\t<h3 class=\"elementor-heading-title elementor-size-default\">Droit de rectification, de suppression et de restriction<\/h3>\t\t\t\t<\/div>\n\t\t\t\t<\/div>\n\t\t\t\t<div class=\"elementor-element elementor-element-1bc3c97 elementor-widget elementor-widget-text-editor\" data-id=\"1bc3c97\" data-element_type=\"widget\" data-widget_type=\"text-editor.default\">\n\t\t\t\t<div class=\"elementor-widget-container\">\n\t\t\t\t\t\t\t\t\tVous avez toujours le droit de nous demander de corriger, compl\u00e9ter ou supprimer vos donn\u00e9es personnelles. Vous reconnaissez qu'en cas de refus de communiquer ou de demander la suppression de donn\u00e9es \u00e0 caract\u00e8re personnel, certains services et produits ne seront pas disponibles. Vous pouvez \u00e9galement demander \u00e0 restreindre le traitement de vos donn\u00e9es personnelles. Vous pouvez le faire en utilisant les coordonn\u00e9es figurant au bas de cette page.\t\t\t\t\t\t\t\t<\/div>\n\t\t\t\t<\/div>\n\t\t\t\t<div class=\"elementor-element elementor-element-07374a1 elementor-widget elementor-widget-heading\" data-id=\"07374a1\" data-element_type=\"widget\" data-widget_type=\"heading.default\">\n\t\t\t\t<div class=\"elementor-widget-container\">\n\t\t\t\t\t<h3 class=\"elementor-heading-title elementor-size-default\">Droit d'opposition<\/h3>\t\t\t\t<\/div>\n\t\t\t\t<\/div>\n\t\t\t\t<div class=\"elementor-element elementor-element-7d50794 elementor-widget elementor-widget-text-editor\" data-id=\"7d50794\" data-element_type=\"widget\" data-widget_type=\"text-editor.default\">\n\t\t\t\t<div class=\"elementor-widget-container\">\n\t\t\t\t\t\t\t\t\tVous avez \u00e9galement le droit de vous opposer au traitement de vos donn\u00e9es \u00e0 caract\u00e8re personnel pour des motifs s\u00e9rieux et l\u00e9gitimes. En outre, vous avez toujours le droit de vous opposer \u00e0 l'utilisation de donn\u00e9es \u00e0 caract\u00e8re personnel \u00e0 des fins de marketing direct ; dans ce cas, vous n'avez pas besoin de fournir de raisons. Dans ce cas, vous n'avez pas besoin de justifier votre opposition. Vous pouvez le faire en utilisant les coordonn\u00e9es figurant au bas de cette page.\n\t\t\t\t\t\t\t\t<\/div>\n\t\t\t\t<\/div>\n\t\t\t\t<div class=\"elementor-element elementor-element-88ba59e elementor-widget elementor-widget-heading\" data-id=\"88ba59e\" data-element_type=\"widget\" data-widget_type=\"heading.default\">\n\t\t\t\t<div class=\"elementor-widget-container\">\n\t\t\t\t\t<h3 class=\"elementor-heading-title elementor-size-default\">Droit au transfert gratuit de donn\u00e9es<\/h3>\t\t\t\t<\/div>\n\t\t\t\t<\/div>\n\t\t\t\t<div class=\"elementor-element elementor-element-0ff9ed1 elementor-widget elementor-widget-text-editor\" data-id=\"0ff9ed1\" data-element_type=\"widget\" data-widget_type=\"text-editor.default\">\n\t\t\t\t<div class=\"elementor-widget-container\">\n\t\t\t\t\t\t\t\t\tVous avez le droit d'obtenir et\/ou de transf\u00e9rer \u00e0 d'autres responsables du traitement vos donn\u00e9es personnelles que nous traitons dans un format structur\u00e9, commun et lisible par machine. Vous pouvez le faire en utilisant les coordonn\u00e9es figurant au bas de cette page.\t\t\t\t\t\t\t\t<\/div>\n\t\t\t\t<\/div>\n\t\t\t\t<div class=\"elementor-element elementor-element-0da4ab4 elementor-widget elementor-widget-heading\" data-id=\"0da4ab4\" data-element_type=\"widget\" data-widget_type=\"heading.default\">\n\t\t\t\t<div class=\"elementor-widget-container\">\n\t\t\t\t\t<h3 class=\"elementor-heading-title elementor-size-default\">Droit de retirer son consentement<\/h3>\t\t\t\t<\/div>\n\t\t\t\t<\/div>\n\t\t\t\t<div class=\"elementor-element elementor-element-6ee392f elementor-widget elementor-widget-text-editor\" data-id=\"6ee392f\" data-element_type=\"widget\" data-widget_type=\"text-editor.default\">\n\t\t\t\t<div class=\"elementor-widget-container\">\n\t\t\t\t\t\t\t\t\t<p>Lorsque le traitement est fond\u00e9 sur votre consentement pr\u00e9alable, vous avez le droit de retirer ce consentement. Vous pouvez le faire en utilisant les coordonn\u00e9es figurant au bas de cette page.<\/p>\t\t\t\t\t\t\t\t<\/div>\n\t\t\t\t<\/div>\n\t\t\t\t<div class=\"elementor-element elementor-element-1f17191 elementor-widget elementor-widget-heading\" data-id=\"1f17191\" data-element_type=\"widget\" data-widget_type=\"heading.default\">\n\t\t\t\t<div class=\"elementor-widget-container\">\n\t\t\t\t\t<h3 class=\"elementor-heading-title elementor-size-default\">Droit de plainte<\/h3>\t\t\t\t<\/div>\n\t\t\t\t<\/div>\n\t\t\t\t<div class=\"elementor-element elementor-element-acf3219 elementor-widget elementor-widget-text-editor\" data-id=\"acf3219\" data-element_type=\"widget\" data-widget_type=\"text-editor.default\">\n\t\t\t\t<div class=\"elementor-widget-container\">\n\t\t\t\t\t\t\t\t\t<p>Vous avez le droit de d\u00e9poser une plainte aupr\u00e8s de la Commission belge de la protection de la vie priv\u00e9e : Commission de la protection de la vie priv\u00e9e, Rue du Printing Press 35, 1000 Bruxelles, Tel +32 (0)2 274 48 00, Fax +32 (0)2 274 48 35, email : commission@privacycommission.be<\/p>\t\t\t\t\t\t\t\t<\/div>\n\t\t\t\t<\/div>\n\t\t\t\t<div class=\"elementor-element elementor-element-5ee5273 elementor-widget elementor-widget-heading\" data-id=\"5ee5273\" data-element_type=\"widget\" data-widget_type=\"heading.default\">\n\t\t\t\t<div class=\"elementor-widget-container\">\n\t\t\t\t\t<h2 class=\"elementor-heading-title elementor-size-default\">Google Analytics<\/h2>\t\t\t\t<\/div>\n\t\t\t\t<\/div>\n\t\t\t\t<div class=\"elementor-element elementor-element-45336f6 elementor-widget elementor-widget-text-editor\" data-id=\"45336f6\" data-element_type=\"widget\" data-widget_type=\"text-editor.default\">\n\t\t\t\t<div class=\"elementor-widget-container\">\n\t\t\t\t\t\t\t\t\tCe site web installe \u00e9galement un cookie de la soci\u00e9t\u00e9 am\u00e9ricaine Google, dans le cadre de son service Analytics. Nous utilisons ce service pour suivre les donn\u00e9es et obtenir des rapports sur la mani\u00e8re dont les visiteurs utilisent le site web. Les informations collect\u00e9es par Google sont anonymis\u00e9es dans la mesure du possible. Votre adresse IP n'est express\u00e9ment pas communiqu\u00e9e. Les informations sont transf\u00e9r\u00e9es et stock\u00e9es par Google sur des serveurs situ\u00e9s aux Etats-Unis. Google peut communiquer ces informations \u00e0 des tiers en cas d'obligation l\u00e9gale ou dans la mesure o\u00f9 des tiers traitent ces informations pour le compte de Google. Nous n'avons aucune influence sur ce point.\t\t\t\t\t\t\t\t<\/div>\n\t\t\t\t<\/div>\n\t\t\t\t<div class=\"elementor-element elementor-element-54ec269 elementor-widget elementor-widget-heading\" data-id=\"54ec269\" data-element_type=\"widget\" data-widget_type=\"heading.default\">\n\t\t\t\t<div class=\"elementor-widget-container\">\n\t\t\t\t\t<h2 class=\"elementor-heading-title elementor-size-default\">Changements<\/h2>\t\t\t\t<\/div>\n\t\t\t\t<\/div>\n\t\t\t\t<div class=\"elementor-element elementor-element-5860b49 elementor-widget elementor-widget-text-editor\" data-id=\"5860b49\" data-element_type=\"widget\" data-widget_type=\"text-editor.default\">\n\t\t\t\t<div class=\"elementor-widget-container\">\n\t\t\t\t\t\t\t\t\tCette d\u00e9claration de confidentialit\u00e9 est adapt\u00e9e \u00e0 l'utilisation et aux fonctionnalit\u00e9s de ce site web et de nos services. Nous nous r\u00e9servons le droit de modifier ou de mettre \u00e0 jour cette d\u00e9claration de confidentialit\u00e9 \u00e0 tout moment. Lorsque nous communiquerons des modifications \u00e0 la pr\u00e9sente d\u00e9claration, nous changerons la date de la derni\u00e8re mise \u00e0 jour de la d\u00e9claration. En cas de modifications importantes, nous l'indiquerons sur notre page d'accueil. N\u00e9anmoins, nous vous encourageons \u00e0 lire r\u00e9guli\u00e8rement notre d\u00e9claration de confidentialit\u00e9.\t\t\t\t\t\t\t\t<\/div>\n\t\t\t\t<\/div>\n\t\t\t\t<div class=\"elementor-element elementor-element-9502c33 elementor-widget elementor-widget-heading\" data-id=\"9502c33\" data-element_type=\"widget\" data-widget_type=\"heading.default\">\n\t\t\t\t<div class=\"elementor-widget-container\">\n\t\t\t\t\t<h2 class=\"elementor-heading-title elementor-size-default\">Questions et commentaires<\/h2>\t\t\t\t<\/div>\n\t\t\t\t<\/div>\n\t\t\t\t<div class=\"elementor-element elementor-element-9ae426a elementor-widget elementor-widget-text-editor\" data-id=\"9ae426a\" data-element_type=\"widget\" data-widget_type=\"text-editor.default\">\n\t\t\t\t<div class=\"elementor-widget-container\">\n\t\t\t\t\t\t\t\t\t<p>Si vous avez des questions concernant cette d\u00e9claration de confidentialit\u00e9, veuillez nous contacter en utilisant les coordonn\u00e9es ci-dessous :<br>Notre adresse : IZ Krommewege 32A5, 9990 Maldegem, <span role=\"heading\" aria-level=\"1\">Belgique<\/span><br>Notre num\u00e9ro de t\u00e9l\u00e9phone : +32 50 38 04 44<br>Courrier : info@gridsoap.com<br><\/p>\t\t\t\t\t\t\t\t<\/div>\n\t\t\t\t<\/div>\n\t\t\t\t\t<\/div>\n\t\t<\/div>\n\t\t\t\t\t<\/div>\n\t\t<\/section>\n\t\t\t\t<\/div>","protected":false},"excerpt":{"rendered":"<p>Politique de confidentialit\u00e9 Cette d\u00e9claration de confidentialit\u00e9 s'applique au site web et aux services de Gridsoap. Nous attachons une grande importance au respect de la vie priv\u00e9e de nos clients et des visiteurs de notre site web. C'est pourquoi nous ne traiterons vos donn\u00e9es qu'en conformit\u00e9 avec le R\u00e8glement g\u00e9n\u00e9ral sur la protection des donn\u00e9es (RGPD \/ GDPR). Les donn\u00e9es personnelles que nous [...]<\/p>","protected":false},"author":3,"featured_media":0,"parent":0,"menu_order":3,"comment_status":"closed","ping_status":"closed","template":"","meta":{"inline_featured_image":false,"footnotes":""},"class_list":["post-24","page","type-page","status-publish","hentry"],"_links":{"self":[{"href":"https:\/\/gridsoap.com\/fr\/wp-json\/wp\/v2\/pages\/24","targetHints":{"allow":["GET"]}}],"collection":[{"href":"https:\/\/gridsoap.com\/fr\/wp-json\/wp\/v2\/pages"}],"about":[{"href":"https:\/\/gridsoap.com\/fr\/wp-json\/wp\/v2\/types\/page"}],"author":[{"embeddable":true,"href":"https:\/\/gridsoap.com\/fr\/wp-json\/wp\/v2\/users\/3"}],"replies":[{"embeddable":true,"href":"https:\/\/gridsoap.com\/fr\/wp-json\/wp\/v2\/comments?post=24"}],"version-history":[{"count":18,"href":"https:\/\/gridsoap.com\/fr\/wp-json\/wp\/v2\/pages\/24\/revisions"}],"predecessor-version":[{"id":462,"href":"https:\/\/gridsoap.com\/fr\/wp-json\/wp\/v2\/pages\/24\/revisions\/462"}],"wp:attachment":[{"href":"https:\/\/gridsoap.com\/fr\/wp-json\/wp\/v2\/media?parent=24"}],"curies":[{"name":"wp","href":"https:\/\/api.w.org\/{rel}","templated":true}]}}